{"id":10542,"date":"2018-06-12T14:34:32","date_gmt":"2018-06-12T12:34:32","guid":{"rendered":"http:\/\/lavaredohotel.it\/hotel\/atmosfera\/"},"modified":"2021-01-30T08:02:59","modified_gmt":"2021-01-30T07:02:59","slug":"atmosphaere","status":"publish","type":"page","link":"https:\/\/lavaredohotel.it\/de\/hotel\/atmosphaere\/","title":{"rendered":"Atmosph\u00e4re"},"content":{"rendered":"<div class=\"wpb-content-wrapper\"><p>[vc_row css_animation=&#8220;&#8220; row_type=&#8220;row&#8220; use_row_as_full_screen_section=&#8220;no&#8220; type=&#8220;grid&#8220; angled_section=&#8220;no&#8220; text_align=&#8220;left&#8220; background_image_as_pattern=&#8220;without_pattern&#8220; padding_bottom=&#8220;115&#8243; z_index=&#8220;&#8220;][vc_column offset=&#8220;vc_col-lg-5 vc_col-md-5&#8243;][vc_single_image image=&#8220;10034&#8243; img_size=&#8220;full&#8220; qode_css_animation=&#8220;&#8220;][\/vc_column][vc_column offset=&#8220;vc_col-lg-7 vc_col-md-7&#8243;][vc_column_text]<\/p>\n<h1 class=\"qode-headings\" style=\"font-size: 165px;\"><span style=\"color: #ede7e3;\">Atmosph\u00e4re<\/span><\/h1>\n<p>[\/vc_column_text][vc_column_text]<\/p>\n<h2>Entspannungs- und Wellnessurlaub im Paradies<\/h2>\n<p>[\/vc_column_text][vc_empty_space height=&#8220;23px&#8220;][vc_single_image image=&#8220;9838&#8243; img_size=&#8220;full&#8220; qode_css_animation=&#8220;&#8220;][vc_empty_space height=&#8220;23px&#8220;][vc_column_text]Das Hotel Lavaredo ist der ideal Ort, um einen Urlaub im Zeichen von Wellness und Natur in den Bergen zu verbringen.<br \/>\nIn Cadore, in der Provinz Belluno und in S\u00fcdtirol k\u00f6nnen Sie im Winter oder im Sommer intensive Tage an der frischen Luft zwischen den wundersch\u00f6nen Gipfeln der Dolomiten genie\u00dfen.<\/p>\n<p>Im Hotel Lavaredo werden Sie verw\u00f6hnt, als ob Sie zu Hause w\u00e4ren, perfekt f\u00fcr ein romantisches Wochenende oder einen aktiven Familienurlaub[\/vc_column_text][vc_empty_space height=&#8220;35px&#8220;]<a  itemprop=\"url\" href=\"http:\/\/lavaredohotel.it\/de\/urlaubspakete-angebote\/\" target=\"_self\"  class=\"qbutton  default\" style=\"\">Urlaubsvorschl\u00e4ge<\/a>[\/vc_column][\/vc_row][vc_row css_animation=&#8220;&#8220; row_type=&#8220;row&#8220; use_row_as_full_screen_section=&#8220;no&#8220; type=&#8220;full_width&#8220; angled_section=&#8220;no&#8220; text_align=&#8220;center&#8220; background_image_as_pattern=&#8220;without_pattern&#8220; padding_top=&#8220;65&#8243; z_index=&#8220;&#8220;][vc_column][vc_column_text]<\/p>\n<h1 class=\"qode-headings\" style=\"font-size: 366px;\"><span style=\"color: #ede7e3;\">Gallery<\/span><\/h1>\n<p>[\/vc_column_text][\/vc_column][\/vc_row][vc_row css_animation=&#8220;&#8220; row_type=&#8220;row&#8220; use_row_as_full_screen_section=&#8220;no&#8220; type=&#8220;grid&#8220; angled_section=&#8220;no&#8220; text_align=&#8220;center&#8220; background_image_as_pattern=&#8220;without_pattern&#8220; padding_top=&#8220;65&#8243; padding_bottom=&#8220;35&#8243; z_index=&#8220;&#8220;][vc_column css=&#8220;.vc_custom_1528804033940{margin-top: -62px !important;}&#8220;]<div class=\"qode-advanced-image-gallery  qode-aig-carousel-type qode-normal-space  qode-image-behavior-lightbox \">\n\t<div class=\"qode-aig-slider qode-owl-slider\" data-number-of-items=\"3\" data-enable-loop=\"yes\" data-enable-autoplay=\"yes\" data-slider-speed=\"5000\" data-slider-speed-animation=\"600\" data-slider-padding=\"no\" data-enable-navigation=\"no\" data-enable-pagination=\"yes\">\n\t\t\t\t\t<div class=\"qode-aig-image\">\n\t\t\t\t\t\t\t\t\t<a itemprop=\"image\" class=\"qode-aig-lightbox qode-block-drag-link\" href=\"https:\/\/lavaredohotel.it\/wp-content\/uploads\/2021\/01\/hall2_modificata.jpg\" data-rel=\"prettyPhoto[image_gallery_pretty_photo-924]\" title=\"hall2_modificata\">\n\t\t\t\t\t\t\t\t\t<img loading=\"lazy\" decoding=\"async\" src=\"https:\/\/lavaredohotel.it\/wp-content\/uploads\/2021\/01\/hall2_modificata-800x600.jpg\" alt=\"\" width=\"800\" height=\"600\" \/>\t\t\t\t\t<span class=\"aig-gallery-hover\">\n\t\t\t\t\t\t\t\t\t\t\t<\/span>\n\t\t\t\t\t\t\t\t\t<\/a>\n\t\t\t\t\t\t\t<\/div>\n\t\t\t\t\t\t\t\t<div class=\"qode-aig-image\">\n\t\t\t\t\t\t\t\t\t<a itemprop=\"image\" class=\"qode-aig-lightbox qode-block-drag-link\" href=\"https:\/\/lavaredohotel.it\/wp-content\/uploads\/2021\/01\/salotto3.jpg\" data-rel=\"prettyPhoto[image_gallery_pretty_photo-924]\" title=\"_salotto3\">\n\t\t\t\t\t\t\t\t\t<img loading=\"lazy\" decoding=\"async\" src=\"https:\/\/lavaredohotel.it\/wp-content\/uploads\/2021\/01\/salotto3-800x600.jpg\" alt=\"\" width=\"800\" height=\"600\" \/>\t\t\t\t\t<span class=\"aig-gallery-hover\">\n\t\t\t\t\t\t\t\t\t\t\t<\/span>\n\t\t\t\t\t\t\t\t\t<\/a>\n\t\t\t\t\t\t\t<\/div>\n\t\t\t\t\t\t\t\t<div class=\"qode-aig-image\">\n\t\t\t\t\t\t\t\t\t<a itemprop=\"image\" class=\"qode-aig-lightbox qode-block-drag-link\" href=\"https:\/\/lavaredohotel.it\/wp-content\/uploads\/2021\/01\/bar.jpg\" data-rel=\"prettyPhoto[image_gallery_pretty_photo-924]\" title=\"bar\">\n\t\t\t\t\t\t\t\t\t<img loading=\"lazy\" decoding=\"async\" src=\"https:\/\/lavaredohotel.it\/wp-content\/uploads\/2021\/01\/bar-800x600.jpg\" alt=\"\" width=\"800\" height=\"600\" \/>\t\t\t\t\t<span class=\"aig-gallery-hover\">\n\t\t\t\t\t\t\t\t\t\t\t<\/span>\n\t\t\t\t\t\t\t\t\t<\/a>\n\t\t\t\t\t\t\t<\/div>\n\t\t\t\t\t\t\t\t<div class=\"qode-aig-image\">\n\t\t\t\t\t\t\t\t\t<a itemprop=\"image\" class=\"qode-aig-lightbox qode-block-drag-link\" href=\"https:\/\/lavaredohotel.it\/wp-content\/uploads\/2021\/01\/IMG_3712.jpg\" data-rel=\"prettyPhoto[image_gallery_pretty_photo-924]\" title=\"IMG_3712\">\n\t\t\t\t\t\t\t\t\t<img loading=\"lazy\" decoding=\"async\" src=\"https:\/\/lavaredohotel.it\/wp-content\/uploads\/2021\/01\/IMG_3712-800x600.jpg\" alt=\"\" width=\"800\" height=\"600\" \/>\t\t\t\t\t<span class=\"aig-gallery-hover\">\n\t\t\t\t\t\t\t\t\t\t\t<\/span>\n\t\t\t\t\t\t\t\t\t<\/a>\n\t\t\t\t\t\t\t<\/div>\n\t\t\t\t\t\t\t\t<div class=\"qode-aig-image\">\n\t\t\t\t\t\t\t\t\t<a itemprop=\"image\" class=\"qode-aig-lightbox qode-block-drag-link\" href=\"https:\/\/lavaredohotel.it\/wp-content\/uploads\/2021\/01\/Ristorante-hotel-Lavaredo-5.jpg\" data-rel=\"prettyPhoto[image_gallery_pretty_photo-924]\" title=\"Ristorante hotel Lavaredo (5)\">\n\t\t\t\t\t\t\t\t\t<img loading=\"lazy\" decoding=\"async\" src=\"https:\/\/lavaredohotel.it\/wp-content\/uploads\/2021\/01\/Ristorante-hotel-Lavaredo-5-800x600.jpg\" alt=\"\" width=\"800\" height=\"600\" \/>\t\t\t\t\t<span class=\"aig-gallery-hover\">\n\t\t\t\t\t\t\t\t\t\t\t<\/span>\n\t\t\t\t\t\t\t\t\t<\/a>\n\t\t\t\t\t\t\t<\/div>\n\t\t\t\t\t\t\t\t<div class=\"qode-aig-image\">\n\t\t\t\t\t\t\t\t\t<a itemprop=\"image\" class=\"qode-aig-lightbox qode-block-drag-link\" href=\"https:\/\/lavaredohotel.it\/wp-content\/uploads\/2021\/01\/IMG_3937.jpg\" data-rel=\"prettyPhoto[image_gallery_pretty_photo-924]\" title=\"IMG_3937\">\n\t\t\t\t\t\t\t\t\t<img loading=\"lazy\" decoding=\"async\" src=\"https:\/\/lavaredohotel.it\/wp-content\/uploads\/2021\/01\/IMG_3937-800x600.jpg\" alt=\"\" width=\"800\" height=\"600\" \/>\t\t\t\t\t<span class=\"aig-gallery-hover\">\n\t\t\t\t\t\t\t\t\t\t\t<\/span>\n\t\t\t\t\t\t\t\t\t<\/a>\n\t\t\t\t\t\t\t<\/div>\n\t\t\t\t\t\t\t\t<div class=\"qode-aig-image\">\n\t\t\t\t\t\t\t\t\t<a itemprop=\"image\" class=\"qode-aig-lightbox qode-block-drag-link\" href=\"https:\/\/lavaredohotel.it\/wp-content\/uploads\/2021\/01\/Prima-colazione_1.jpg\" data-rel=\"prettyPhoto[image_gallery_pretty_photo-924]\" title=\"Prima-colazione_1\">\n\t\t\t\t\t\t\t\t\t<img loading=\"lazy\" decoding=\"async\" src=\"https:\/\/lavaredohotel.it\/wp-content\/uploads\/2021\/01\/Prima-colazione_1-800x600.jpg\" alt=\"\" width=\"800\" height=\"600\" \/>\t\t\t\t\t<span class=\"aig-gallery-hover\">\n\t\t\t\t\t\t\t\t\t\t\t<\/span>\n\t\t\t\t\t\t\t\t\t<\/a>\n\t\t\t\t\t\t\t<\/div>\n\t\t\t\t\t\t\t\t<div class=\"qode-aig-image\">\n\t\t\t\t\t\t\t\t\t<a itemprop=\"image\" class=\"qode-aig-lightbox qode-block-drag-link\" href=\"https:\/\/lavaredohotel.it\/wp-content\/uploads\/2021\/01\/Ristorante-hotel-Lavaredo-3.jpg\" data-rel=\"prettyPhoto[image_gallery_pretty_photo-924]\" title=\"Ristorante hotel Lavaredo (3)\">\n\t\t\t\t\t\t\t\t\t<img loading=\"lazy\" decoding=\"async\" src=\"https:\/\/lavaredohotel.it\/wp-content\/uploads\/2021\/01\/Ristorante-hotel-Lavaredo-3-800x600.jpg\" alt=\"\" width=\"800\" height=\"600\" \/>\t\t\t\t\t<span class=\"aig-gallery-hover\">\n\t\t\t\t\t\t\t\t\t\t\t<\/span>\n\t\t\t\t\t\t\t\t\t<\/a>\n\t\t\t\t\t\t\t<\/div>\n\t\t\t\t\t\t\t\t<div class=\"qode-aig-image\">\n\t\t\t\t\t\t\t\t\t<a itemprop=\"image\" class=\"qode-aig-lightbox qode-block-drag-link\" href=\"https:\/\/lavaredohotel.it\/wp-content\/uploads\/2021\/01\/Ristorante-hotel-Lavaredo-2.jpg\" data-rel=\"prettyPhoto[image_gallery_pretty_photo-924]\" title=\"Ristorante hotel Lavaredo (2)\">\n\t\t\t\t\t\t\t\t\t<img loading=\"lazy\" decoding=\"async\" src=\"https:\/\/lavaredohotel.it\/wp-content\/uploads\/2021\/01\/Ristorante-hotel-Lavaredo-2-800x600.jpg\" alt=\"\" width=\"800\" height=\"600\" \/>\t\t\t\t\t<span class=\"aig-gallery-hover\">\n\t\t\t\t\t\t\t\t\t\t\t<\/span>\n\t\t\t\t\t\t\t\t\t<\/a>\n\t\t\t\t\t\t\t<\/div>\n\t\t\t\t\t\t<\/div>\n<\/div>[\/vc_column][\/vc_row][vc_row css_animation=&#8220;&#8220; row_type=&#8220;row&#8220; use_row_as_full_screen_section=&#8220;no&#8220; type=&#8220;grid&#8220; angled_section=&#8220;no&#8220; text_align=&#8220;center&#8220; background_image_as_pattern=&#8220;without_pattern&#8220; padding_bottom=&#8220;100&#8243; z_index=&#8220;&#8220;][vc_column css=&#8220;.vc_custom_1611133912760{margin-top: -0.5% !important;}&#8220;][qode_elements_holder number_of_columns=&#8220;one_column&#8220;][qode_elements_holder_item advanced_animations=&#8220;no&#8220; background_image=&#8220;184&#8243; item_padding=&#8220;60px 110px 60px 110px&#8220; item_padding_768_1024=&#8220;60px 10px 60px 10px&#8220; item_padding_600_768=&#8220;60px 31px 60px 31px&#8220; item_padding_480_600=&#8220;60px 30px 60px 30px&#8220; item_padding_480=&#8220;60px 30px 60px 30px&#8220; custom_class=&#8220;qode-eh-with-background&#8220;][vc_column_text]<\/p>\n<h2>Buchen Sie Ihren Urlaub<\/h2>\n<p>[\/vc_column_text][vc_empty_space height=&#8220;23px&#8220;][vc_single_image image=&#8220;9838&#8243; img_size=&#8220;full&#8220; alignment=&#8220;center&#8220; qode_css_animation=&#8220;&#8220;][vc_empty_space height=&#8220;23px&#8220;]<a  itemprop=\"url\" href=\"http:\/\/lavaredohotel.it\/de\/urlaubspakete-angebote\/\" target=\"_self\"  class=\"qbutton  default\" style=\"\">W\u00e4hlen Sie Ihren Urlaub<\/a>[\/qode_elements_holder_item][\/qode_elements_holder][\/vc_column][\/vc_row][vc_row css_animation=&#8220;&#8220; row_type=&#8220;row&#8220; use_row_as_full_screen_section=&#8220;no&#8220; type=&#8220;full_width&#8220; angled_section=&#8220;no&#8220; text_align=&#8220;left&#8220; background_image_as_pattern=&#8220;without_pattern&#8220; z_index=&#8220;3&#8243;][vc_column css=&#8220;.vc_custom_1528879728934{margin-top: -19% !important;}&#8220;][vc_single_image image=&#8220;9683&#8243; img_size=&#8220;full&#8220; alignment=&#8220;center&#8220; qode_css_animation=&#8220;&#8220;][\/vc_column][\/vc_row]<\/p>\n<\/div>","protected":false},"excerpt":{"rendered":"<p>[vc_row css_animation=&#8220;&#8220; row_type=&#8220;row&#8220; use_row_as_full_screen_section=&#8220;no&#8220; type=&#8220;grid&#8220; angled_section=&#8220;no&#8220; text_align=&#8220;left&#8220; background_image_as_pattern=&#8220;without_pattern&#8220; padding_bottom=&#8220;115&#8243; z_index=&#8220;&#8220;][vc_column offset=&#8220;vc_col-lg-5 vc_col-md-5&#8243;][vc_single_image image=&#8220;10034&#8243; img_size=&#8220;full&#8220; qode_css_animation=&#8220;&#8220;][\/vc_column][vc_column offset=&#8220;vc_col-lg-7 vc_col-md-7&#8243;][vc_column_text] Atmosph\u00e4re [\/vc_column_text][vc_column_text] Entspannungs- und Wellnessurlaub im Paradies [\/vc_column_text][vc_empty_space height=&#8220;23px&#8220;][vc_single_image image=&#8220;9838&#8243; img_size=&#8220;full&#8220; qode_css_animation=&#8220;&#8220;][vc_empty_space height=&#8220;23px&#8220;][vc_column_text]Das Hotel Lavaredo ist der ideal Ort, um einen Urlaub im Zeichen von Wellness und Natur&#8230;<\/p>\n","protected":false},"author":3,"featured_media":0,"parent":10535,"menu_order":2,"comment_status":"closed","ping_status":"closed","template":"full_width.php","meta":{"_monsterinsights_skip_tracking":false,"_monsterinsights_sitenote_active":false,"_monsterinsights_sitenote_note":"","_monsterinsights_sitenote_category":0,"footnotes":""},"class_list":["post-10542","page","type-page","status-publish","hentry"],"_links":{"self":[{"href":"https:\/\/lavaredohotel.it\/de\/wp-json\/wp\/v2\/pages\/10542","targetHints":{"allow":["GET"]}}],"collection":[{"href":"https:\/\/lavaredohotel.it\/de\/wp-json\/wp\/v2\/pages"}],"about":[{"href":"https:\/\/lavaredohotel.it\/de\/wp-json\/wp\/v2\/types\/page"}],"author":[{"embeddable":true,"href":"https:\/\/lavaredohotel.it\/de\/wp-json\/wp\/v2\/users\/3"}],"replies":[{"embeddable":true,"href":"https:\/\/lavaredohotel.it\/de\/wp-json\/wp\/v2\/comments?post=10542"}],"version-history":[{"count":5,"href":"https:\/\/lavaredohotel.it\/de\/wp-json\/wp\/v2\/pages\/10542\/revisions"}],"predecessor-version":[{"id":10547,"href":"https:\/\/lavaredohotel.it\/de\/wp-json\/wp\/v2\/pages\/10542\/revisions\/10547"}],"up":[{"embeddable":true,"href":"https:\/\/lavaredohotel.it\/de\/wp-json\/wp\/v2\/pages\/10535"}],"wp:attachment":[{"href":"https:\/\/lavaredohotel.it\/de\/wp-json\/wp\/v2\/media?parent=10542"}],"curies":[{"name":"wp","href":"https:\/\/api.w.org\/{rel}","templated":true}]}}