{"id":10754,"date":"2021-01-13T09:48:51","date_gmt":"2021-01-13T08:48:51","guid":{"rendered":"http:\/\/lavaredohotel.it\/centro-benessere\/"},"modified":"2021-01-27T20:38:53","modified_gmt":"2021-01-27T19:38:53","slug":"wellnessbereich","status":"publish","type":"page","link":"https:\/\/lavaredohotel.it\/de\/wellnessbereich\/","title":{"rendered":"Wellnessbereich"},"content":{"rendered":"<div class=\"wpb-content-wrapper\"><p>[vc_row css_animation=&#8220;&#8220; row_type=&#8220;row&#8220; use_row_as_full_screen_section=&#8220;no&#8220; type=&#8220;full_width&#8220; angled_section=&#8220;no&#8220; text_align=&#8220;center&#8220; background_image_as_pattern=&#8220;without_pattern&#8220; z_index=&#8220;&#8220;][vc_column][vc_gallery interval=&#8220;5&#8243; images=&#8220;10125&#8243; img_size=&#8220;1920&#215;800&#8243; onclick=&#8220;&#8220; direction_nav=&#8220;no&#8220; control_nav=&#8220;no&#8220; pause_on_hover=&#8220;no&#8220;][\/vc_column][\/vc_row][vc_row css_animation=&#8220;&#8220; row_type=&#8220;row&#8220; use_row_as_full_screen_section=&#8220;no&#8220; type=&#8220;grid&#8220; angled_section=&#8220;no&#8220; text_align=&#8220;center&#8220; background_image_as_pattern=&#8220;without_pattern&#8220; padding_bottom=&#8220;100&#8243; z_index=&#8220;&#8220;][vc_column css=&#8220;.vc_custom_1528876146159{margin-top: -13.5% !important;}&#8220;][qode_elements_holder number_of_columns=&#8220;one_column&#8220;][qode_elements_holder_item advanced_animations=&#8220;no&#8220; background_image=&#8220;184&#8243; item_padding=&#8220;60px 110px 10px 110px&#8220; item_padding_768_1024=&#8220;60px 10px 60px 10px&#8220; item_padding_600_768=&#8220;60px 31px 60px 31px&#8220; item_padding_480_600=&#8220;60px 30px 60px 30px&#8220; item_padding_480=&#8220;60px 30px 60px 30px&#8220; custom_class=&#8220;qode-eh-with-background&#8220;][vc_column_text]<\/p>\n<h2>Wellnessbereich<\/h2>\n<p>[\/vc_column_text][vc_empty_space height=&#8220;23px&#8220;][vc_single_image image=&#8220;9838&#8243; img_size=&#8220;full&#8220; alignment=&#8220;center&#8220; qode_css_animation=&#8220;&#8220;][vc_empty_space height=&#8220;23px&#8220;][vc_column_text]<\/p>\n<p class=\"bodytext\">Der Wellnessbereich des Hotels Lavaredo, der nur f\u00fcr Hotelg\u00e4ste ab 14 Jahren zug\u00e4nglich ist, bietet alle Dienstleistungen zur Entspannung und Wellnessbehandlungen f\u00fcr Ihren K\u00f6rper.<\/p>\n<blockquote><p><em>Wenn wir eine Phase der Ruhe erleben, ist unser Geist entspannter und wir produzieren die Vitalstoffe f\u00fcr unser Wohlbefinden.<\/em><\/p><\/blockquote>\n<p>[\/vc_column_text][vc_empty_space height=&#8220;35px&#8220;][\/qode_elements_holder_item][\/qode_elements_holder][\/vc_column][\/vc_row][vc_row css_animation=&#8220;&#8220; row_type=&#8220;row&#8220; use_row_as_full_screen_section=&#8220;no&#8220; type=&#8220;full_width&#8220; angled_section=&#8220;no&#8220; text_align=&#8220;left&#8220; background_image_as_pattern=&#8220;without_pattern&#8220; z_index=&#8220;&#8220; css=&#8220;.vc_custom_1610492154233{margin-top: -65px !important;}&#8220;][vc_column width=&#8220;1\/2&#8243;][vc_empty_space height=&#8220;40px&#8220;][vc_single_image image=&#8220;10126&#8243; img_size=&#8220;full&#8220; qode_css_animation=&#8220;&#8220;][\/vc_column][vc_column width=&#8220;1\/2&#8243;][vc_single_image image=&#8220;10145&#8243; img_size=&#8220;full&#8220; alignment=&#8220;right&#8220; qode_css_animation=&#8220;&#8220;][\/vc_column][\/vc_row][vc_row css_animation=&#8220;&#8220; row_type=&#8220;row&#8220; use_row_as_full_screen_section=&#8220;no&#8220; type=&#8220;grid&#8220; angled_section=&#8220;no&#8220; text_align=&#8220;left&#8220; background_image_as_pattern=&#8220;without_pattern&#8220; z_index=&#8220;&#8220;][vc_column width=&#8220;5\/12&#8243;][\/vc_column][vc_column css=&#8220;.vc_custom_1610492191085{margin-top: -110% !important;}&#8220; offset=&#8220;vc_col-lg-7 vc_col-md-7&#8243; el_class=&#8220;qode-disable-margin&#8220;][qode_elements_holder number_of_columns=&#8220;one_column&#8220;][qode_elements_holder_item advanced_animations=&#8220;no&#8220; background_image=&#8220;166&#8243; item_padding=&#8220;60px 100px 60px 102px&#8220; item_padding_768_1024=&#8220;30px 28px 30px 51px&#8220; item_padding_600_768=&#8220;44px 50px 64px 52px&#8220; item_padding_480_600=&#8220;30px 8px 30px 8px&#8220; item_padding_480=&#8220;30px 8px 30px 8px&#8220; custom_class=&#8220;qode-eh-with-background&#8220;][vc_column_text]<\/p>\n<h2>Eine Oase des Wohlbefindens<\/h2>\n<p>[\/vc_column_text][vc_column_text]<\/p>\n<h3>F\u00fcr garantierte Entspannung<\/h3>\n<p>[\/vc_column_text][vc_empty_space height=&#8220;22px&#8220;][vc_single_image image=&#8220;9838&#8243; img_size=&#8220;full&#8220; qode_css_animation=&#8220;&#8220;][vc_empty_space height=&#8220;22px&#8220;][vc_column_text]<\/p>\n<p class=\"bodytext\"><span style=\"font-weight: 400;\">Lavaredo Natural SPA by Hotel Lavaredo beinhaltet:<\/span><\/p>\n<ul>\n<li style=\"font-weight: 400;\" aria-level=\"1\"><span style=\"font-weight: 400;\">\u00a0Massageraum und Behandlungen<\/span><\/li>\n<li style=\"font-weight: 400;\" aria-level=\"1\"><span style=\"font-weight: 400;\">\u00a0Entspannungsbereich mit Ruheliegen<\/span><\/li>\n<li style=\"font-weight: 400;\" aria-level=\"1\"><span style=\"font-weight: 400;\">\u00a0Kneipp-Pfad<\/span><\/li>\n<li style=\"font-weight: 400;\" aria-level=\"1\"><span style=\"font-weight: 400;\">\u00a0Dusche mit tropischem Regen<\/span><\/li>\n<li style=\"font-weight: 400;\" aria-level=\"1\"><span style=\"font-weight: 400;\">\u00a0Frigidariumbereich mit Eiswasserfall<\/span><\/li>\n<li style=\"font-weight: 400;\" aria-level=\"1\"><span style=\"font-weight: 400;\">Kaltwasser<\/span><\/li>\n<li style=\"font-weight: 400;\" aria-level=\"1\"><span style=\"font-weight: 400;\">Dusche mit kaltem Nebel<\/span><\/li>\n<li style=\"font-weight: 400;\" aria-level=\"1\"><span style=\"font-weight: 400;\">Dampfbad<\/span><\/li>\n<li style=\"font-weight: 400;\" aria-level=\"1\"><span style=\"font-weight: 400;\">\u00a0Jacuzzi<\/span><\/li>\n<li style=\"font-weight: 400;\" aria-level=\"1\"><span style=\"font-weight: 400;\">\u00a0Finnische Sauna<\/span><\/li>\n<\/ul>\n<p>[\/vc_column_text][\/qode_elements_holder_item][\/qode_elements_holder][\/vc_column][\/vc_row][vc_row css_animation=&#8220;&#8220; row_type=&#8220;row&#8220; use_row_as_full_screen_section=&#8220;no&#8220; type=&#8220;full_width&#8220; angled_section=&#8220;no&#8220; text_align=&#8220;center&#8220; background_image_as_pattern=&#8220;without_pattern&#8220; padding_top=&#8220;65&#8243; z_index=&#8220;&#8220;][vc_column][vc_column_text]<\/p>\n<h1 class=\"qode-headings\" style=\"font-size: 366px;\"><span style=\"color: #ede7e3;\">Gallery<\/span><\/h1>\n<p>[\/vc_column_text][\/vc_column][\/vc_row][vc_row css_animation=&#8220;&#8220; row_type=&#8220;row&#8220; use_row_as_full_screen_section=&#8220;no&#8220; type=&#8220;grid&#8220; angled_section=&#8220;no&#8220; text_align=&#8220;center&#8220; background_image_as_pattern=&#8220;without_pattern&#8220; padding_top=&#8220;65&#8243; padding_bottom=&#8220;150&#8243; z_index=&#8220;&#8220;][vc_column css=&#8220;.vc_custom_1528804033940{margin-top: -62px !important;}&#8220;]<div class=\"qode-advanced-image-gallery  qode-aig-carousel-type qode-normal-space  qode-image-behavior-lightbox \">\n\t<div class=\"qode-aig-slider qode-owl-slider\" data-number-of-items=\"3\" data-enable-loop=\"yes\" data-enable-autoplay=\"yes\" data-slider-speed=\"5000\" data-slider-speed-animation=\"600\" data-slider-padding=\"no\" data-enable-navigation=\"no\" data-enable-pagination=\"yes\">\n\t\t\t\t\t<div class=\"qode-aig-image\">\n\t\t\t\t\t\t\t\t\t<a itemprop=\"image\" class=\"qode-aig-lightbox qode-block-drag-link\" href=\"https:\/\/lavaredohotel.it\/wp-content\/uploads\/2021\/01\/Centro-benessere-Hotel-Lavaredo-4.jpg\" data-rel=\"prettyPhoto[image_gallery_pretty_photo-819]\" title=\"Centro benessere Hotel Lavaredo (4)\">\n\t\t\t\t\t\t\t\t\t<img loading=\"lazy\" decoding=\"async\" src=\"https:\/\/lavaredohotel.it\/wp-content\/uploads\/2021\/01\/Centro-benessere-Hotel-Lavaredo-4-700x900.jpg\" alt=\"\" width=\"700\" height=\"900\" \/>\t\t\t\t\t<span class=\"aig-gallery-hover\">\n\t\t\t\t\t\t\t\t\t\t\t<\/span>\n\t\t\t\t\t\t\t\t\t<\/a>\n\t\t\t\t\t\t\t<\/div>\n\t\t\t\t\t\t\t\t<div class=\"qode-aig-image\">\n\t\t\t\t\t\t\t\t\t<a itemprop=\"image\" class=\"qode-aig-lightbox qode-block-drag-link\" href=\"https:\/\/lavaredohotel.it\/wp-content\/uploads\/2021\/01\/Centro-benessere-Hotel-Lavaredo-9.jpg\" data-rel=\"prettyPhoto[image_gallery_pretty_photo-819]\" title=\"Centro benessere Hotel Lavaredo (9)\">\n\t\t\t\t\t\t\t\t\t<img loading=\"lazy\" decoding=\"async\" src=\"https:\/\/lavaredohotel.it\/wp-content\/uploads\/2021\/01\/Centro-benessere-Hotel-Lavaredo-9-700x900.jpg\" alt=\"\" width=\"700\" height=\"900\" \/>\t\t\t\t\t<span class=\"aig-gallery-hover\">\n\t\t\t\t\t\t\t\t\t\t\t<\/span>\n\t\t\t\t\t\t\t\t\t<\/a>\n\t\t\t\t\t\t\t<\/div>\n\t\t\t\t\t\t\t\t<div class=\"qode-aig-image\">\n\t\t\t\t\t\t\t\t\t<a itemprop=\"image\" class=\"qode-aig-lightbox qode-block-drag-link\" href=\"https:\/\/lavaredohotel.it\/wp-content\/uploads\/2021\/01\/Centro-benessere-Hotel-Lavaredo-11.jpg\" data-rel=\"prettyPhoto[image_gallery_pretty_photo-819]\" title=\"Centro benessere Hotel Lavaredo (11)\">\n\t\t\t\t\t\t\t\t\t<img loading=\"lazy\" decoding=\"async\" src=\"https:\/\/lavaredohotel.it\/wp-content\/uploads\/2021\/01\/Centro-benessere-Hotel-Lavaredo-11-700x900.jpg\" alt=\"\" width=\"700\" height=\"900\" \/>\t\t\t\t\t<span class=\"aig-gallery-hover\">\n\t\t\t\t\t\t\t\t\t\t\t<\/span>\n\t\t\t\t\t\t\t\t\t<\/a>\n\t\t\t\t\t\t\t<\/div>\n\t\t\t\t\t\t\t\t<div class=\"qode-aig-image\">\n\t\t\t\t\t\t\t\t\t<a itemprop=\"image\" class=\"qode-aig-lightbox qode-block-drag-link\" href=\"https:\/\/lavaredohotel.it\/wp-content\/uploads\/2021\/01\/Centro-benessere-Hotel-Lavaredo-14.jpg\" data-rel=\"prettyPhoto[image_gallery_pretty_photo-819]\" title=\"Centro benessere Hotel Lavaredo (14)\">\n\t\t\t\t\t\t\t\t\t<img loading=\"lazy\" decoding=\"async\" src=\"https:\/\/lavaredohotel.it\/wp-content\/uploads\/2021\/01\/Centro-benessere-Hotel-Lavaredo-14-700x900.jpg\" alt=\"\" width=\"700\" height=\"900\" \/>\t\t\t\t\t<span class=\"aig-gallery-hover\">\n\t\t\t\t\t\t\t\t\t\t\t<\/span>\n\t\t\t\t\t\t\t\t\t<\/a>\n\t\t\t\t\t\t\t<\/div>\n\t\t\t\t\t\t\t\t<div class=\"qode-aig-image\">\n\t\t\t\t\t\t\t\t\t<a itemprop=\"image\" class=\"qode-aig-lightbox qode-block-drag-link\" href=\"https:\/\/lavaredohotel.it\/wp-content\/uploads\/2021\/01\/Centro-benessere-Hotel-Lavaredo-15.jpg\" data-rel=\"prettyPhoto[image_gallery_pretty_photo-819]\" title=\"Centro benessere Hotel Lavaredo (15)\">\n\t\t\t\t\t\t\t\t\t<img loading=\"lazy\" decoding=\"async\" src=\"https:\/\/lavaredohotel.it\/wp-content\/uploads\/2021\/01\/Centro-benessere-Hotel-Lavaredo-15-700x900.jpg\" alt=\"\" width=\"700\" height=\"900\" \/>\t\t\t\t\t<span class=\"aig-gallery-hover\">\n\t\t\t\t\t\t\t\t\t\t\t<\/span>\n\t\t\t\t\t\t\t\t\t<\/a>\n\t\t\t\t\t\t\t<\/div>\n\t\t\t\t\t\t\t\t<div class=\"qode-aig-image\">\n\t\t\t\t\t\t\t\t\t<a itemprop=\"image\" class=\"qode-aig-lightbox qode-block-drag-link\" href=\"https:\/\/lavaredohotel.it\/wp-content\/uploads\/2021\/01\/Centro-benessere-Hotel-Lavaredo-26.jpg\" data-rel=\"prettyPhoto[image_gallery_pretty_photo-819]\" title=\"Centro benessere Hotel Lavaredo (26)\">\n\t\t\t\t\t\t\t\t\t<img loading=\"lazy\" decoding=\"async\" src=\"https:\/\/lavaredohotel.it\/wp-content\/uploads\/2021\/01\/Centro-benessere-Hotel-Lavaredo-26-700x900.jpg\" alt=\"\" width=\"700\" height=\"900\" \/>\t\t\t\t\t<span class=\"aig-gallery-hover\">\n\t\t\t\t\t\t\t\t\t\t\t<\/span>\n\t\t\t\t\t\t\t\t\t<\/a>\n\t\t\t\t\t\t\t<\/div>\n\t\t\t\t\t\t\t\t<div class=\"qode-aig-image\">\n\t\t\t\t\t\t\t\t\t<a itemprop=\"image\" class=\"qode-aig-lightbox qode-block-drag-link\" href=\"https:\/\/lavaredohotel.it\/wp-content\/uploads\/2021\/01\/Centro-benessere-Hotel-Lavaredo-28.jpg\" data-rel=\"prettyPhoto[image_gallery_pretty_photo-819]\" title=\"Centro benessere Hotel Lavaredo (28)\">\n\t\t\t\t\t\t\t\t\t<img loading=\"lazy\" decoding=\"async\" src=\"https:\/\/lavaredohotel.it\/wp-content\/uploads\/2021\/01\/Centro-benessere-Hotel-Lavaredo-28-700x900.jpg\" alt=\"\" width=\"700\" height=\"900\" \/>\t\t\t\t\t<span class=\"aig-gallery-hover\">\n\t\t\t\t\t\t\t\t\t\t\t<\/span>\n\t\t\t\t\t\t\t\t\t<\/a>\n\t\t\t\t\t\t\t<\/div>\n\t\t\t\t\t\t\t\t<div class=\"qode-aig-image\">\n\t\t\t\t\t\t\t\t\t<a itemprop=\"image\" class=\"qode-aig-lightbox qode-block-drag-link\" href=\"https:\/\/lavaredohotel.it\/wp-content\/uploads\/2021\/01\/Centro-benessere-Hotel-Lavaredo-30.jpg\" data-rel=\"prettyPhoto[image_gallery_pretty_photo-819]\" title=\"Centro benessere Hotel Lavaredo (30)\">\n\t\t\t\t\t\t\t\t\t<img loading=\"lazy\" decoding=\"async\" src=\"https:\/\/lavaredohotel.it\/wp-content\/uploads\/2021\/01\/Centro-benessere-Hotel-Lavaredo-30-700x900.jpg\" alt=\"\" width=\"700\" height=\"900\" \/>\t\t\t\t\t<span class=\"aig-gallery-hover\">\n\t\t\t\t\t\t\t\t\t\t\t<\/span>\n\t\t\t\t\t\t\t\t\t<\/a>\n\t\t\t\t\t\t\t<\/div>\n\t\t\t\t\t\t\t\t<div class=\"qode-aig-image\">\n\t\t\t\t\t\t\t\t\t<a itemprop=\"image\" class=\"qode-aig-lightbox qode-block-drag-link\" href=\"https:\/\/lavaredohotel.it\/wp-content\/uploads\/2021\/01\/Centro-benessere-Hotel-Lavaredo-31.jpg\" data-rel=\"prettyPhoto[image_gallery_pretty_photo-819]\" title=\"Centro benessere Hotel Lavaredo (31)\">\n\t\t\t\t\t\t\t\t\t<img loading=\"lazy\" decoding=\"async\" src=\"https:\/\/lavaredohotel.it\/wp-content\/uploads\/2021\/01\/Centro-benessere-Hotel-Lavaredo-31-700x900.jpg\" alt=\"\" width=\"700\" height=\"900\" \/>\t\t\t\t\t<span class=\"aig-gallery-hover\">\n\t\t\t\t\t\t\t\t\t\t\t<\/span>\n\t\t\t\t\t\t\t\t\t<\/a>\n\t\t\t\t\t\t\t<\/div>\n\t\t\t\t\t\t\t\t<div class=\"qode-aig-image\">\n\t\t\t\t\t\t\t\t\t<a itemprop=\"image\" class=\"qode-aig-lightbox qode-block-drag-link\" href=\"https:\/\/lavaredohotel.it\/wp-content\/uploads\/2021\/01\/Centro-benessere-Hotel-Lavaredo-33.jpg\" data-rel=\"prettyPhoto[image_gallery_pretty_photo-819]\" title=\"Centro benessere Hotel Lavaredo (33)\">\n\t\t\t\t\t\t\t\t\t<img loading=\"lazy\" decoding=\"async\" src=\"https:\/\/lavaredohotel.it\/wp-content\/uploads\/2021\/01\/Centro-benessere-Hotel-Lavaredo-33-700x900.jpg\" alt=\"\" width=\"700\" height=\"900\" \/>\t\t\t\t\t<span class=\"aig-gallery-hover\">\n\t\t\t\t\t\t\t\t\t\t\t<\/span>\n\t\t\t\t\t\t\t\t\t<\/a>\n\t\t\t\t\t\t\t<\/div>\n\t\t\t\t\t\t\t\t<div class=\"qode-aig-image\">\n\t\t\t\t\t\t\t\t\t<a itemprop=\"image\" class=\"qode-aig-lightbox qode-block-drag-link\" href=\"https:\/\/lavaredohotel.it\/wp-content\/uploads\/2021\/01\/Centro-benessere-Hotel-Lavaredo-12.jpg\" data-rel=\"prettyPhoto[image_gallery_pretty_photo-819]\" title=\"Centro benessere Hotel Lavaredo (12)\">\n\t\t\t\t\t\t\t\t\t<img loading=\"lazy\" decoding=\"async\" src=\"https:\/\/lavaredohotel.it\/wp-content\/uploads\/2021\/01\/Centro-benessere-Hotel-Lavaredo-12-700x900.jpg\" alt=\"\" width=\"700\" height=\"900\" \/>\t\t\t\t\t<span class=\"aig-gallery-hover\">\n\t\t\t\t\t\t\t\t\t\t\t<\/span>\n\t\t\t\t\t\t\t\t\t<\/a>\n\t\t\t\t\t\t\t<\/div>\n\t\t\t\t\t\t\t\t<div class=\"qode-aig-image\">\n\t\t\t\t\t\t\t\t\t<a itemprop=\"image\" class=\"qode-aig-lightbox qode-block-drag-link\" href=\"https:\/\/lavaredohotel.it\/wp-content\/uploads\/2021\/01\/Centro-benessere-Hotel-Lavaredo-17.jpg\" data-rel=\"prettyPhoto[image_gallery_pretty_photo-819]\" title=\"Centro benessere Hotel Lavaredo (17)\">\n\t\t\t\t\t\t\t\t\t<img loading=\"lazy\" decoding=\"async\" src=\"https:\/\/lavaredohotel.it\/wp-content\/uploads\/2021\/01\/Centro-benessere-Hotel-Lavaredo-17-700x900.jpg\" alt=\"\" width=\"700\" height=\"900\" \/>\t\t\t\t\t<span class=\"aig-gallery-hover\">\n\t\t\t\t\t\t\t\t\t\t\t<\/span>\n\t\t\t\t\t\t\t\t\t<\/a>\n\t\t\t\t\t\t\t<\/div>\n\t\t\t\t\t\t\t\t<div class=\"qode-aig-image\">\n\t\t\t\t\t\t\t\t\t<a itemprop=\"image\" class=\"qode-aig-lightbox qode-block-drag-link\" href=\"https:\/\/lavaredohotel.it\/wp-content\/uploads\/2021\/01\/Centro-benessere-Hotel-Lavaredo-24.jpg\" data-rel=\"prettyPhoto[image_gallery_pretty_photo-819]\" title=\"Centro benessere Hotel Lavaredo (24)\">\n\t\t\t\t\t\t\t\t\t<img loading=\"lazy\" decoding=\"async\" src=\"https:\/\/lavaredohotel.it\/wp-content\/uploads\/2021\/01\/Centro-benessere-Hotel-Lavaredo-24-700x900.jpg\" alt=\"\" width=\"700\" height=\"900\" \/>\t\t\t\t\t<span class=\"aig-gallery-hover\">\n\t\t\t\t\t\t\t\t\t\t\t<\/span>\n\t\t\t\t\t\t\t\t\t<\/a>\n\t\t\t\t\t\t\t<\/div>\n\t\t\t\t\t\t\t\t<div class=\"qode-aig-image\">\n\t\t\t\t\t\t\t\t\t<a itemprop=\"image\" class=\"qode-aig-lightbox qode-block-drag-link\" href=\"https:\/\/lavaredohotel.it\/wp-content\/uploads\/2021\/01\/Centro-benessere-Hotel-Lavaredo-22.jpg\" data-rel=\"prettyPhoto[image_gallery_pretty_photo-819]\" title=\"Centro benessere Hotel Lavaredo (22)\">\n\t\t\t\t\t\t\t\t\t<img loading=\"lazy\" decoding=\"async\" src=\"https:\/\/lavaredohotel.it\/wp-content\/uploads\/2021\/01\/Centro-benessere-Hotel-Lavaredo-22-700x900.jpg\" alt=\"\" width=\"700\" height=\"900\" \/>\t\t\t\t\t<span class=\"aig-gallery-hover\">\n\t\t\t\t\t\t\t\t\t\t\t<\/span>\n\t\t\t\t\t\t\t\t\t<\/a>\n\t\t\t\t\t\t\t<\/div>\n\t\t\t\t\t\t\t\t<div class=\"qode-aig-image\">\n\t\t\t\t\t\t\t\t\t<a itemprop=\"image\" class=\"qode-aig-lightbox qode-block-drag-link\" href=\"https:\/\/lavaredohotel.it\/wp-content\/uploads\/2021\/01\/Centro-benessere-Hotel-Lavaredo-16.jpg\" data-rel=\"prettyPhoto[image_gallery_pretty_photo-819]\" title=\"Centro benessere Hotel Lavaredo (16)\">\n\t\t\t\t\t\t\t\t\t<img loading=\"lazy\" decoding=\"async\" src=\"https:\/\/lavaredohotel.it\/wp-content\/uploads\/2021\/01\/Centro-benessere-Hotel-Lavaredo-16-700x900.jpg\" alt=\"\" width=\"700\" height=\"900\" \/>\t\t\t\t\t<span class=\"aig-gallery-hover\">\n\t\t\t\t\t\t\t\t\t\t\t<\/span>\n\t\t\t\t\t\t\t\t\t<\/a>\n\t\t\t\t\t\t\t<\/div>\n\t\t\t\t\t\t<\/div>\n<\/div>[\/vc_column][\/vc_row][vc_row css_animation=&#8220;&#8220; row_type=&#8220;row&#8220; use_row_as_full_screen_section=&#8220;no&#8220; type=&#8220;full_width&#8220; angled_section=&#8220;no&#8220; text_align=&#8220;left&#8220; background_image_as_pattern=&#8220;without_pattern&#8220; z_index=&#8220;3&#8243;][vc_column css=&#8220;.vc_custom_1610488959119{margin-top: -20% !important;}&#8220;][vc_single_image image=&#8220;9683&#8243; img_size=&#8220;full&#8220; qode_css_animation=&#8220;&#8220;][\/vc_column][\/vc_row]<\/p>\n<\/div>","protected":false},"excerpt":{"rendered":"<p>[vc_row css_animation=&#8220;&#8220; row_type=&#8220;row&#8220; use_row_as_full_screen_section=&#8220;no&#8220; type=&#8220;full_width&#8220; angled_section=&#8220;no&#8220; text_align=&#8220;center&#8220; background_image_as_pattern=&#8220;without_pattern&#8220; z_index=&#8220;&#8220;][vc_column][vc_gallery interval=&#8220;5&#8243; images=&#8220;10125&#8243; img_size=&#8220;1920&#215;800&#8243; onclick=&#8220;&#8220; direction_nav=&#8220;no&#8220; control_nav=&#8220;no&#8220; pause_on_hover=&#8220;no&#8220;][\/vc_column][\/vc_row][vc_row css_animation=&#8220;&#8220; row_type=&#8220;row&#8220; use_row_as_full_screen_section=&#8220;no&#8220; type=&#8220;grid&#8220; angled_section=&#8220;no&#8220; text_align=&#8220;center&#8220; background_image_as_pattern=&#8220;without_pattern&#8220; padding_bottom=&#8220;100&#8243; z_index=&#8220;&#8220;][vc_column css=&#8220;.vc_custom_1528876146159{margin-top: -13.5% !important;}&#8220;][qode_elements_holder number_of_columns=&#8220;one_column&#8220;][qode_elements_holder_item advanced_animations=&#8220;no&#8220; background_image=&#8220;184&#8243; item_padding=&#8220;60px 110px 10px 110px&#8220; item_padding_768_1024=&#8220;60px 10px 60px 10px&#8220; item_padding_600_768=&#8220;60px 31px 60px 31px&#8220; item_padding_480_600=&#8220;60px 30px&#8230;<\/p>\n","protected":false},"author":3,"featured_media":0,"parent":0,"menu_order":5,"comment_status":"closed","ping_status":"closed","template":"full_width.php","meta":{"_monsterinsights_skip_tracking":false,"_monsterinsights_sitenote_active":false,"_monsterinsights_sitenote_note":"","_monsterinsights_sitenote_category":0,"footnotes":""},"class_list":["post-10754","page","type-page","status-publish","hentry"],"_links":{"self":[{"href":"https:\/\/lavaredohotel.it\/de\/wp-json\/wp\/v2\/pages\/10754","targetHints":{"allow":["GET"]}}],"collection":[{"href":"https:\/\/lavaredohotel.it\/de\/wp-json\/wp\/v2\/pages"}],"about":[{"href":"https:\/\/lavaredohotel.it\/de\/wp-json\/wp\/v2\/types\/page"}],"author":[{"embeddable":true,"href":"https:\/\/lavaredohotel.it\/de\/wp-json\/wp\/v2\/users\/3"}],"replies":[{"embeddable":true,"href":"https:\/\/lavaredohotel.it\/de\/wp-json\/wp\/v2\/comments?post=10754"}],"version-history":[{"count":5,"href":"https:\/\/lavaredohotel.it\/de\/wp-json\/wp\/v2\/pages\/10754\/revisions"}],"predecessor-version":[{"id":10759,"href":"https:\/\/lavaredohotel.it\/de\/wp-json\/wp\/v2\/pages\/10754\/revisions\/10759"}],"wp:attachment":[{"href":"https:\/\/lavaredohotel.it\/de\/wp-json\/wp\/v2\/media?parent=10754"}],"curies":[{"name":"wp","href":"https:\/\/api.w.org\/{rel}","templated":true}]}}