{"id":10780,"date":"2021-01-12T21:31:57","date_gmt":"2021-01-12T20:31:57","guid":{"rendered":"http:\/\/lavaredohotel.it\/ristorante\/"},"modified":"2024-02-03T20:39:11","modified_gmt":"2024-02-03T19:39:11","slug":"restaurant","status":"publish","type":"page","link":"https:\/\/lavaredohotel.it\/de\/restaurant\/","title":{"rendered":"Restaurant"},"content":{"rendered":"<div class=\"wpb-content-wrapper\"><p>[vc_row css_animation=&#8220;&#8220; row_type=&#8220;row&#8220; use_row_as_full_screen_section=&#8220;no&#8220; type=&#8220;full_width&#8220; angled_section=&#8220;no&#8220; text_align=&#8220;center&#8220; background_image_as_pattern=&#8220;without_pattern&#8220; z_index=&#8220;&#8220;][vc_column][qode_elements_holder number_of_columns=&#8220;one_column&#8220;][qode_elements_holder_item advanced_animations=&#8220;no&#8220; background_image=&#8220;578&#8243; item_padding=&#8220;180px 0 360px 0%&#8220;][vc_column_text]<\/p>\n<h1><span style=\"color: #ffffff;\">Essen soll ein Erlebnis sein<br \/>\n<\/span><\/h1>\n<p>[\/vc_column_text][vc_empty_space height=&#8220;34px&#8220;][\/qode_elements_holder_item][\/qode_elements_holder][\/vc_column][\/vc_row][vc_row css_animation=&#8220;&#8220; row_type=&#8220;row&#8220; use_row_as_full_screen_section=&#8220;no&#8220; type=&#8220;grid&#8220; angled_section=&#8220;no&#8220; text_align=&#8220;center&#8220; background_image_as_pattern=&#8220;without_pattern&#8220; padding_bottom=&#8220;100&#8243; z_index=&#8220;&#8220;][vc_column css=&#8220;.vc_custom_1528876146159{margin-top: -13.5% !important;}&#8220;][qode_elements_holder number_of_columns=&#8220;one_column&#8220;][qode_elements_holder_item advanced_animations=&#8220;no&#8220; background_image=&#8220;184&#8243; item_padding=&#8220;60px 110px 10px 110px&#8220; item_padding_768_1024=&#8220;60px 10px 60px 10px&#8220; item_padding_600_768=&#8220;60px 31px 60px 31px&#8220; item_padding_480_600=&#8220;60px 30px 60px 30px&#8220; item_padding_480=&#8220;60px 30px 60px 30px&#8220; custom_class=&#8220;qode-eh-with-background&#8220;][vc_column_text]<\/p>\n<h2>Wir kochen f\u00fcr Sie<\/h2>\n<p>[\/vc_column_text][vc_empty_space height=&#8220;23px&#8220;][vc_single_image image=&#8220;9838&#8243; img_size=&#8220;full&#8220; alignment=&#8220;center&#8220; qode_css_animation=&#8220;&#8220;][vc_empty_space height=&#8220;23px&#8220;][vc_column_text]Das Restaurant des Hotels Lavaredo ist ein typisches Lokal mit Panoramablick auf den See und die Drei Zinnen.<\/p>\n<p>Es schl\u00e4gt Men\u00fcs mit den typischen Aromen der Tradition vor, mit Rezepten aus den Bellunesischen Alpen oder der mediterranen K\u00fcche, zubereitet mit frischen, saisonalen Produkten, die vom Chefkoch sorgf\u00e4ltig ausgew\u00e4hlt werden, um Frische und Qualit\u00e4t zu garantieren.[\/vc_column_text][vc_empty_space height=&#8220;35px&#8220;][\/qode_elements_holder_item][\/qode_elements_holder][\/vc_column][\/vc_row][vc_row css_animation=&#8220;&#8220; row_type=&#8220;row&#8220; use_row_as_full_screen_section=&#8220;no&#8220; type=&#8220;full_width&#8220; angled_section=&#8220;no&#8220; text_align=&#8220;center&#8220; background_image_as_pattern=&#8220;without_pattern&#8220; padding_top=&#8220;65&#8243; z_index=&#8220;&#8220;][vc_column][vc_column_text]<\/p>\n<h1 class=\"qode-headings\" style=\"font-size: 366px;\"><span style=\"color: #ede7e3;\">Gallery<\/span><\/h1>\n<p>[\/vc_column_text][\/vc_column][\/vc_row][vc_row css_animation=&#8220;&#8220; row_type=&#8220;row&#8220; use_row_as_full_screen_section=&#8220;no&#8220; type=&#8220;grid&#8220; angled_section=&#8220;no&#8220; text_align=&#8220;center&#8220; background_image_as_pattern=&#8220;without_pattern&#8220; padding_top=&#8220;65&#8243; padding_bottom=&#8220;150&#8243; z_index=&#8220;&#8220;][vc_column css=&#8220;.vc_custom_1528804033940{margin-top: -62px !important;}&#8220;]<div class=\"qode-advanced-image-gallery  qode-aig-carousel-type qode-normal-space   \">\n\t<div class=\"qode-aig-slider qode-owl-slider\" data-number-of-items=\"3\" data-enable-loop=\"yes\" data-enable-autoplay=\"yes\" data-slider-speed=\"5000\" data-slider-speed-animation=\"600\" data-slider-padding=\"no\" data-enable-navigation=\"no\" data-enable-pagination=\"yes\">\n\t\t\t\t\t<div class=\"qode-aig-image\">\n\t\t\t\t\t\t\t\t\t<img loading=\"lazy\" decoding=\"async\" width=\"1920\" height=\"1440\" src=\"https:\/\/lavaredohotel.it\/wp-content\/uploads\/2021\/01\/Pietanze-1.jpg\" class=\"attachment-full size-full\" alt=\"\" srcset=\"https:\/\/lavaredohotel.it\/wp-content\/uploads\/2021\/01\/Pietanze-1.jpg 1920w, https:\/\/lavaredohotel.it\/wp-content\/uploads\/2021\/01\/Pietanze-1-300x225.jpg 300w, https:\/\/lavaredohotel.it\/wp-content\/uploads\/2021\/01\/Pietanze-1-1024x768.jpg 1024w, https:\/\/lavaredohotel.it\/wp-content\/uploads\/2021\/01\/Pietanze-1-768x576.jpg 768w, https:\/\/lavaredohotel.it\/wp-content\/uploads\/2021\/01\/Pietanze-1-1536x1152.jpg 1536w, https:\/\/lavaredohotel.it\/wp-content\/uploads\/2021\/01\/Pietanze-1-800x600.jpg 800w, https:\/\/lavaredohotel.it\/wp-content\/uploads\/2021\/01\/Pietanze-1-700x525.jpg 700w\" sizes=\"auto, (max-width: 1920px) 100vw, 1920px\" \/>\t\t\t\t\t<span class=\"aig-gallery-hover\">\n\t\t\t\t\t\t\t\t\t\t\t<\/span>\n\t\t\t\t\t\t\t<\/div>\n\t\t\t\t\t\t\t\t<div class=\"qode-aig-image\">\n\t\t\t\t\t\t\t\t\t<img loading=\"lazy\" decoding=\"async\" width=\"1920\" height=\"1440\" src=\"https:\/\/lavaredohotel.it\/wp-content\/uploads\/2021\/01\/Pietanze-5.jpg\" class=\"attachment-full size-full\" alt=\"\" srcset=\"https:\/\/lavaredohotel.it\/wp-content\/uploads\/2021\/01\/Pietanze-5.jpg 1920w, https:\/\/lavaredohotel.it\/wp-content\/uploads\/2021\/01\/Pietanze-5-300x225.jpg 300w, https:\/\/lavaredohotel.it\/wp-content\/uploads\/2021\/01\/Pietanze-5-1024x768.jpg 1024w, https:\/\/lavaredohotel.it\/wp-content\/uploads\/2021\/01\/Pietanze-5-768x576.jpg 768w, https:\/\/lavaredohotel.it\/wp-content\/uploads\/2021\/01\/Pietanze-5-1536x1152.jpg 1536w, https:\/\/lavaredohotel.it\/wp-content\/uploads\/2021\/01\/Pietanze-5-800x600.jpg 800w, https:\/\/lavaredohotel.it\/wp-content\/uploads\/2021\/01\/Pietanze-5-700x525.jpg 700w\" sizes=\"auto, (max-width: 1920px) 100vw, 1920px\" \/>\t\t\t\t\t<span class=\"aig-gallery-hover\">\n\t\t\t\t\t\t\t\t\t\t\t<\/span>\n\t\t\t\t\t\t\t<\/div>\n\t\t\t\t\t\t\t\t<div class=\"qode-aig-image\">\n\t\t\t\t\t\t\t\t\t<img loading=\"lazy\" decoding=\"async\" width=\"1920\" height=\"1440\" src=\"https:\/\/lavaredohotel.it\/wp-content\/uploads\/2021\/01\/Pietanze-6.jpg\" class=\"attachment-full size-full\" alt=\"\" srcset=\"https:\/\/lavaredohotel.it\/wp-content\/uploads\/2021\/01\/Pietanze-6.jpg 1920w, https:\/\/lavaredohotel.it\/wp-content\/uploads\/2021\/01\/Pietanze-6-300x225.jpg 300w, https:\/\/lavaredohotel.it\/wp-content\/uploads\/2021\/01\/Pietanze-6-1024x768.jpg 1024w, https:\/\/lavaredohotel.it\/wp-content\/uploads\/2021\/01\/Pietanze-6-768x576.jpg 768w, https:\/\/lavaredohotel.it\/wp-content\/uploads\/2021\/01\/Pietanze-6-1536x1152.jpg 1536w, https:\/\/lavaredohotel.it\/wp-content\/uploads\/2021\/01\/Pietanze-6-800x600.jpg 800w, https:\/\/lavaredohotel.it\/wp-content\/uploads\/2021\/01\/Pietanze-6-700x525.jpg 700w\" sizes=\"auto, (max-width: 1920px) 100vw, 1920px\" \/>\t\t\t\t\t<span class=\"aig-gallery-hover\">\n\t\t\t\t\t\t\t\t\t\t\t<\/span>\n\t\t\t\t\t\t\t<\/div>\n\t\t\t\t\t\t\t\t<div class=\"qode-aig-image\">\n\t\t\t\t\t\t\t\t\t<img loading=\"lazy\" decoding=\"async\" width=\"1920\" height=\"1440\" src=\"https:\/\/lavaredohotel.it\/wp-content\/uploads\/2021\/01\/Pietanze-7.jpg\" class=\"attachment-full size-full\" alt=\"\" srcset=\"https:\/\/lavaredohotel.it\/wp-content\/uploads\/2021\/01\/Pietanze-7.jpg 1920w, https:\/\/lavaredohotel.it\/wp-content\/uploads\/2021\/01\/Pietanze-7-300x225.jpg 300w, https:\/\/lavaredohotel.it\/wp-content\/uploads\/2021\/01\/Pietanze-7-1024x768.jpg 1024w, https:\/\/lavaredohotel.it\/wp-content\/uploads\/2021\/01\/Pietanze-7-768x576.jpg 768w, https:\/\/lavaredohotel.it\/wp-content\/uploads\/2021\/01\/Pietanze-7-1536x1152.jpg 1536w, https:\/\/lavaredohotel.it\/wp-content\/uploads\/2021\/01\/Pietanze-7-800x600.jpg 800w, https:\/\/lavaredohotel.it\/wp-content\/uploads\/2021\/01\/Pietanze-7-700x525.jpg 700w\" sizes=\"auto, (max-width: 1920px) 100vw, 1920px\" \/>\t\t\t\t\t<span class=\"aig-gallery-hover\">\n\t\t\t\t\t\t\t\t\t\t\t<\/span>\n\t\t\t\t\t\t\t<\/div>\n\t\t\t\t\t\t\t\t<div class=\"qode-aig-image\">\n\t\t\t\t\t\t\t\t\t<img loading=\"lazy\" decoding=\"async\" width=\"1920\" height=\"1440\" src=\"https:\/\/lavaredohotel.it\/wp-content\/uploads\/2021\/01\/Pietanze-8.jpg\" class=\"attachment-full size-full\" alt=\"\" srcset=\"https:\/\/lavaredohotel.it\/wp-content\/uploads\/2021\/01\/Pietanze-8.jpg 1920w, https:\/\/lavaredohotel.it\/wp-content\/uploads\/2021\/01\/Pietanze-8-300x225.jpg 300w, https:\/\/lavaredohotel.it\/wp-content\/uploads\/2021\/01\/Pietanze-8-1024x768.jpg 1024w, https:\/\/lavaredohotel.it\/wp-content\/uploads\/2021\/01\/Pietanze-8-768x576.jpg 768w, https:\/\/lavaredohotel.it\/wp-content\/uploads\/2021\/01\/Pietanze-8-1536x1152.jpg 1536w, https:\/\/lavaredohotel.it\/wp-content\/uploads\/2021\/01\/Pietanze-8-800x600.jpg 800w, https:\/\/lavaredohotel.it\/wp-content\/uploads\/2021\/01\/Pietanze-8-700x525.jpg 700w\" sizes=\"auto, (max-width: 1920px) 100vw, 1920px\" \/>\t\t\t\t\t<span class=\"aig-gallery-hover\">\n\t\t\t\t\t\t\t\t\t\t\t<\/span>\n\t\t\t\t\t\t\t<\/div>\n\t\t\t\t\t\t\t\t<div class=\"qode-aig-image\">\n\t\t\t\t\t\t\t\t\t<img loading=\"lazy\" decoding=\"async\" width=\"1920\" height=\"1440\" src=\"https:\/\/lavaredohotel.it\/wp-content\/uploads\/2021\/01\/Pietanze-9.jpg\" class=\"attachment-full size-full\" alt=\"\" srcset=\"https:\/\/lavaredohotel.it\/wp-content\/uploads\/2021\/01\/Pietanze-9.jpg 1920w, https:\/\/lavaredohotel.it\/wp-content\/uploads\/2021\/01\/Pietanze-9-300x225.jpg 300w, https:\/\/lavaredohotel.it\/wp-content\/uploads\/2021\/01\/Pietanze-9-1024x768.jpg 1024w, https:\/\/lavaredohotel.it\/wp-content\/uploads\/2021\/01\/Pietanze-9-768x576.jpg 768w, https:\/\/lavaredohotel.it\/wp-content\/uploads\/2021\/01\/Pietanze-9-1536x1152.jpg 1536w, https:\/\/lavaredohotel.it\/wp-content\/uploads\/2021\/01\/Pietanze-9-800x600.jpg 800w, https:\/\/lavaredohotel.it\/wp-content\/uploads\/2021\/01\/Pietanze-9-700x525.jpg 700w\" sizes=\"auto, (max-width: 1920px) 100vw, 1920px\" \/>\t\t\t\t\t<span class=\"aig-gallery-hover\">\n\t\t\t\t\t\t\t\t\t\t\t<\/span>\n\t\t\t\t\t\t\t<\/div>\n\t\t\t\t\t\t\t\t<div class=\"qode-aig-image\">\n\t\t\t\t\t\t\t\t\t<img loading=\"lazy\" decoding=\"async\" width=\"1920\" height=\"1440\" src=\"https:\/\/lavaredohotel.it\/wp-content\/uploads\/2021\/01\/Pietanze-3.jpg\" class=\"attachment-full size-full\" alt=\"\" srcset=\"https:\/\/lavaredohotel.it\/wp-content\/uploads\/2021\/01\/Pietanze-3.jpg 1920w, https:\/\/lavaredohotel.it\/wp-content\/uploads\/2021\/01\/Pietanze-3-300x225.jpg 300w, https:\/\/lavaredohotel.it\/wp-content\/uploads\/2021\/01\/Pietanze-3-1024x768.jpg 1024w, https:\/\/lavaredohotel.it\/wp-content\/uploads\/2021\/01\/Pietanze-3-768x576.jpg 768w, https:\/\/lavaredohotel.it\/wp-content\/uploads\/2021\/01\/Pietanze-3-1536x1152.jpg 1536w, https:\/\/lavaredohotel.it\/wp-content\/uploads\/2021\/01\/Pietanze-3-800x600.jpg 800w, https:\/\/lavaredohotel.it\/wp-content\/uploads\/2021\/01\/Pietanze-3-700x525.jpg 700w\" sizes=\"auto, (max-width: 1920px) 100vw, 1920px\" \/>\t\t\t\t\t<span class=\"aig-gallery-hover\">\n\t\t\t\t\t\t\t\t\t\t\t<\/span>\n\t\t\t\t\t\t\t<\/div>\n\t\t\t\t\t\t\t\t<div class=\"qode-aig-image\">\n\t\t\t\t\t\t\t\t\t<img loading=\"lazy\" decoding=\"async\" width=\"1920\" height=\"1440\" src=\"https:\/\/lavaredohotel.it\/wp-content\/uploads\/2021\/01\/Pietanze-2.jpg\" class=\"attachment-full size-full\" alt=\"\" srcset=\"https:\/\/lavaredohotel.it\/wp-content\/uploads\/2021\/01\/Pietanze-2.jpg 1920w, https:\/\/lavaredohotel.it\/wp-content\/uploads\/2021\/01\/Pietanze-2-300x225.jpg 300w, https:\/\/lavaredohotel.it\/wp-content\/uploads\/2021\/01\/Pietanze-2-1024x768.jpg 1024w, https:\/\/lavaredohotel.it\/wp-content\/uploads\/2021\/01\/Pietanze-2-768x576.jpg 768w, https:\/\/lavaredohotel.it\/wp-content\/uploads\/2021\/01\/Pietanze-2-1536x1152.jpg 1536w, https:\/\/lavaredohotel.it\/wp-content\/uploads\/2021\/01\/Pietanze-2-800x600.jpg 800w, https:\/\/lavaredohotel.it\/wp-content\/uploads\/2021\/01\/Pietanze-2-700x525.jpg 700w\" sizes=\"auto, (max-width: 1920px) 100vw, 1920px\" \/>\t\t\t\t\t<span class=\"aig-gallery-hover\">\n\t\t\t\t\t\t\t\t\t\t\t<\/span>\n\t\t\t\t\t\t\t<\/div>\n\t\t\t\t\t\t\t\t<div class=\"qode-aig-image\">\n\t\t\t\t\t\t\t\t\t<img loading=\"lazy\" decoding=\"async\" width=\"1920\" height=\"1440\" src=\"https:\/\/lavaredohotel.it\/wp-content\/uploads\/2021\/01\/Pietanze-4.jpg\" class=\"attachment-full size-full\" alt=\"\" srcset=\"https:\/\/lavaredohotel.it\/wp-content\/uploads\/2021\/01\/Pietanze-4.jpg 1920w, https:\/\/lavaredohotel.it\/wp-content\/uploads\/2021\/01\/Pietanze-4-300x225.jpg 300w, https:\/\/lavaredohotel.it\/wp-content\/uploads\/2021\/01\/Pietanze-4-1024x768.jpg 1024w, https:\/\/lavaredohotel.it\/wp-content\/uploads\/2021\/01\/Pietanze-4-768x576.jpg 768w, https:\/\/lavaredohotel.it\/wp-content\/uploads\/2021\/01\/Pietanze-4-1536x1152.jpg 1536w, https:\/\/lavaredohotel.it\/wp-content\/uploads\/2021\/01\/Pietanze-4-800x600.jpg 800w, https:\/\/lavaredohotel.it\/wp-content\/uploads\/2021\/01\/Pietanze-4-700x525.jpg 700w\" sizes=\"auto, (max-width: 1920px) 100vw, 1920px\" \/>\t\t\t\t\t<span class=\"aig-gallery-hover\">\n\t\t\t\t\t\t\t\t\t\t\t<\/span>\n\t\t\t\t\t\t\t<\/div>\n\t\t\t\t\t\t<\/div>\n<\/div>[\/vc_column][\/vc_row][vc_row css_animation=&#8220;&#8220; row_type=&#8220;row&#8220; use_row_as_full_screen_section=&#8220;no&#8220; type=&#8220;full_width&#8220; angled_section=&#8220;no&#8220; text_align=&#8220;left&#8220; background_image_as_pattern=&#8220;without_pattern&#8220; z_index=&#8220;&#8220; css=&#8220;.vc_custom_1611904923149{margin-top: -65px !important;}&#8220; el_id=&#8220;fruhstuck&#8220;][vc_column width=&#8220;1\/2&#8243;][vc_empty_space height=&#8220;40px&#8220;][vc_single_image image=&#8220;10114&#8243; img_size=&#8220;full&#8220; qode_css_animation=&#8220;&#8220;][\/vc_column][vc_column width=&#8220;1\/2&#8243;][vc_single_image image=&#8220;10113&#8243; img_size=&#8220;full&#8220; alignment=&#8220;right&#8220; qode_css_animation=&#8220;&#8220;][\/vc_column][\/vc_row][vc_row css_animation=&#8220;&#8220; row_type=&#8220;row&#8220; use_row_as_full_screen_section=&#8220;no&#8220; type=&#8220;grid&#8220; angled_section=&#8220;no&#8220; text_align=&#8220;left&#8220; background_image_as_pattern=&#8220;without_pattern&#8220; z_index=&#8220;&#8220;][vc_column width=&#8220;5\/12&#8243;][\/vc_column][vc_column css=&#8220;.vc_custom_1610492191085{margin-top: -110% !important;}&#8220; offset=&#8220;vc_col-lg-7 vc_col-md-7&#8243; el_class=&#8220;qode-disable-margin&#8220;][qode_elements_holder number_of_columns=&#8220;one_column&#8220;][qode_elements_holder_item advanced_animations=&#8220;no&#8220; background_image=&#8220;166&#8243; item_padding=&#8220;60px 100px 60px 102px&#8220; item_padding_768_1024=&#8220;30px 28px 30px 51px&#8220; item_padding_600_768=&#8220;44px 50px 64px 52px&#8220; item_padding_480_600=&#8220;30px 8px 30px 8px&#8220; item_padding_480=&#8220;30px 8px 30px 8px&#8220; custom_class=&#8220;qode-eh-with-background&#8220;][vc_column_text]<\/p>\n<h2>Fr\u00fchst\u00fcck<\/h2>\n<p>[\/vc_column_text][vc_column_text]<\/p>\n<h3>Beginnen Sie den Tag mit Vitalit\u00e4t<\/h3>\n<p>[\/vc_column_text][vc_empty_space height=&#8220;22px&#8220;][vc_single_image image=&#8220;9838&#8243; img_size=&#8220;full&#8220; qode_css_animation=&#8220;&#8220;][vc_empty_space height=&#8220;22px&#8220;][vc_column_text]Im Hotel Lavaredo werden Sie schon beim Fr\u00fchst\u00fcck mit einem einzigartigen Blick auf die Drei Zinnen verw\u00f6hnt.<\/p>\n<p>Auf dem Buffet bekommen Sie s\u00fc\u00dfe und salzige Geschmacksrichtungen, die den Bed\u00fcrfnissen und Essgewohnheiten aller G\u00e4ste gerecht werden.[\/vc_column_text][vc_empty_space height=&#8220;39px&#8220;][vc_column_text]Hier finden Sie leere Croissants, die mit Marmelade, Cr\u00e8me, Schokolade oder Honig gef\u00fcllt werden k\u00f6nnen. Hausgemachte Kuchen, Cornflakes1 und M\u00fcsli. Und dann Joghurt, Trockenfr\u00fcchte, Obst in Sirup und Fruchts\u00e4fte zu Tee, Milch, Kaffee oder Cappuccino.<\/p>\n<p>F\u00fcr diejenigen, die ein kontinentales Fr\u00fchst\u00fcck bevorzugen, bieten wir R\u00fchrei, Wurst und Frischk\u00e4se.<\/p>\n<blockquote>\n<ul>\n<li>Der Fr\u00fchst\u00fcck im Zimmer ist auf Anfrage erh\u00e4ltlich.<br \/>\n<span style=\"font-size: 14px;\">(gegen Aufpreis verf\u00fcgbar)<\/span><\/li>\n<li>Wenn Sie fr\u00fchmorgens abreisen m\u00f6chten, bereiten wir am Vorabend ein Fr\u00fchst\u00fcckspaket vor.<\/li>\n<\/ul>\n<\/blockquote>\n<p>[\/vc_column_text][\/qode_elements_holder_item][\/qode_elements_holder][\/vc_column][\/vc_row][vc_row css_animation=&#8220;&#8220; row_type=&#8220;row&#8220; use_row_as_full_screen_section=&#8220;no&#8220; type=&#8220;full_width&#8220; angled_section=&#8220;no&#8220; text_align=&#8220;left&#8220; background_image_as_pattern=&#8220;without_pattern&#8220; z_index=&#8220;3&#8243;][vc_column css=&#8220;.vc_custom_1610488959119{margin-top: -20% !important;}&#8220;][vc_single_image image=&#8220;9683&#8243; img_size=&#8220;full&#8220; qode_css_animation=&#8220;&#8220;][\/vc_column][\/vc_row]<\/p>\n<\/div>","protected":false},"excerpt":{"rendered":"<p>[vc_row css_animation=&#8220;&#8220; row_type=&#8220;row&#8220; use_row_as_full_screen_section=&#8220;no&#8220; type=&#8220;full_width&#8220; angled_section=&#8220;no&#8220; text_align=&#8220;center&#8220; background_image_as_pattern=&#8220;without_pattern&#8220; z_index=&#8220;&#8220;][vc_column][qode_elements_holder number_of_columns=&#8220;one_column&#8220;][qode_elements_holder_item advanced_animations=&#8220;no&#8220; background_image=&#8220;578&#8243; item_padding=&#8220;180px 0 360px 0%&#8220;][vc_column_text] Essen soll ein Erlebnis sein [\/vc_column_text][vc_empty_space height=&#8220;34px&#8220;][\/qode_elements_holder_item][\/qode_elements_holder][\/vc_column][\/vc_row][vc_row css_animation=&#8220;&#8220; row_type=&#8220;row&#8220; use_row_as_full_screen_section=&#8220;no&#8220; type=&#8220;grid&#8220; angled_section=&#8220;no&#8220; text_align=&#8220;center&#8220; background_image_as_pattern=&#8220;without_pattern&#8220; padding_bottom=&#8220;100&#8243; z_index=&#8220;&#8220;][vc_column css=&#8220;.vc_custom_1528876146159{margin-top: -13.5% !important;}&#8220;][qode_elements_holder number_of_columns=&#8220;one_column&#8220;][qode_elements_holder_item advanced_animations=&#8220;no&#8220; background_image=&#8220;184&#8243; item_padding=&#8220;60px 110px 10px 110px&#8220; item_padding_768_1024=&#8220;60px 10px 60px&#8230;<\/p>\n","protected":false},"author":3,"featured_media":0,"parent":0,"menu_order":4,"comment_status":"closed","ping_status":"closed","template":"full_width.php","meta":{"_monsterinsights_skip_tracking":false,"_monsterinsights_sitenote_active":false,"_monsterinsights_sitenote_note":"","_monsterinsights_sitenote_category":0,"footnotes":""},"class_list":["post-10780","page","type-page","status-publish","hentry"],"_links":{"self":[{"href":"https:\/\/lavaredohotel.it\/de\/wp-json\/wp\/v2\/pages\/10780","targetHints":{"allow":["GET"]}}],"collection":[{"href":"https:\/\/lavaredohotel.it\/de\/wp-json\/wp\/v2\/pages"}],"about":[{"href":"https:\/\/lavaredohotel.it\/de\/wp-json\/wp\/v2\/types\/page"}],"author":[{"embeddable":true,"href":"https:\/\/lavaredohotel.it\/de\/wp-json\/wp\/v2\/users\/3"}],"replies":[{"embeddable":true,"href":"https:\/\/lavaredohotel.it\/de\/wp-json\/wp\/v2\/comments?post=10780"}],"version-history":[{"count":14,"href":"https:\/\/lavaredohotel.it\/de\/wp-json\/wp\/v2\/pages\/10780\/revisions"}],"predecessor-version":[{"id":11362,"href":"https:\/\/lavaredohotel.it\/de\/wp-json\/wp\/v2\/pages\/10780\/revisions\/11362"}],"wp:attachment":[{"href":"https:\/\/lavaredohotel.it\/de\/wp-json\/wp\/v2\/media?parent=10780"}],"curies":[{"name":"wp","href":"https:\/\/api.w.org\/{rel}","templated":true}]}}